{"id":72,"date":"2017-03-11T23:44:34","date_gmt":"2017-03-11T23:44:34","guid":{"rendered":"http:\/\/toolandvirtual.de\/?page_id=72"},"modified":"2024-01-14T17:29:03","modified_gmt":"2024-01-14T16:29:03","slug":"cuboid","status":"publish","type":"page","link":"https:\/\/toolandvirtual.de\/index.php\/cuboid\/","title":{"rendered":"cuboid"},"content":{"rendered":"<p><em>cuboid&nbsp;&#8211; Geh\u00e4use f\u00fcr Solarleuchten<\/em><\/p>\n<p>Ziel der Entwicklung war eine robuste Alternative zu Petroleum- und Gaslaternen in Entwicklungsl\u00e4ndern.&nbsp;Von Beduinen erfuhr ich die notwendigen Eigenschaften: zur Raumbeleuchtung geeignet, robust, effizient und in unterschiedlichem&nbsp;Kontext verwendbar. Mit der Verf\u00fcgbarkeit hoch effizienter Leuchtdioden stand endlich eine Technik zur Verf\u00fcgung, die solche Leuchten erm\u00f6glicht. Weiteres Entwicklungsziel war die <a href=\"https:\/\/toolandvirtual.de\/wp-content\/uploads\/2017\/07\/cuboid_montage.pdf\" target=\"_blank\" rel=\"noopener noreferrer\">Produktion der Leuchte in kleinen Werkst\u00e4tten der Zielregion<\/a>.&nbsp;F\u00fcr <i>cuboid<\/i> kommen nur handels\u00fcbliche Bauteile zum Einsatz. Lediglich die Platine f\u00fcr die Lade-\/ Entladeelektronik muss speziell gefertigt werden. Damit kann eine Produktion schon mit kleinsten St\u00fcckzahlen begonnen werden.<\/p>\n<p>Die<i> cuboid-<\/i>Entwicklung konzentrierte sich auf die optischen und mechanischen Eigenschaften der Leuchte, weil diese erfahrungsgem\u00e4\u00df die gr\u00f6\u00dften Probleme im t\u00e4glichen Einsatz bereiten. Die elektronische Ausstattung dagegen ist variabel und kann immer wieder dem Stand der Technik angepasst werden, selbst wenn die Leuchte schon beim Kunden ist.<\/p>\n<p>Die Eigenschaften von <em>cuboid<\/em>:<\/p>\n<ul>\n<li>Robustes Alu-Druckgussgeh\u00e4use, das&nbsp;gleichzeitig als K\u00fchlk\u00f6rper f\u00fcr die LED dient.<\/li>\n<li>Sto\u00dfd\u00e4mpfung f\u00fcr Akku.<\/li>\n<li>Optische Weitwinkel-Linse zur Raumausleuchtung.<\/li>\n<li>Handschlaufe aus robustem Rollladenband.<\/li>\n<li>Die <a href=\"https:\/\/toolandvirtual.de\/wp-content\/uploads\/2017\/05\/cuboid_aufhaengung.jpg\" target=\"_blank\" rel=\"noopener noreferrer\">selbst blockierende&nbsp;Aufh\u00e4ngung<\/a>&nbsp;fixiert die <a href=\"https:\/\/toolandvirtual.de\/wp-content\/uploads\/2017\/05\/cuboid_haengend.png\" target=\"_blank\" rel=\"noopener noreferrer\">stufenlos einstellbare Leuchtrichtung<\/a> bei der Verwendung als Tisch- oder Deckenleuchte.<\/li>\n<li>Durch die rechtwinklige Geh\u00e4useform kann die Leuchte sicher stehen, seitlich liegen oder durch einklemmen fixiert werden.<\/li>\n<li>Durch die optimale Gewichtsverteilung kann die Leuchte <a href=\"https:\/\/toolandvirtual.de\/wp-content\/uploads\/2017\/05\/cuboid_kante.jpg\" target=\"_blank\" rel=\"noopener noreferrer\">an einer Tischkante liegend<\/a> nach unten leuchten.<\/li>\n<li>Die R\u00fcckwand ist auswechselbar und kann z.B. mit einem Reflektor ausgestattet werden.<\/li>\n<li>Optional&nbsp;kann&nbsp;ein Spritzwasserschutz f\u00fcr den Schalter verbaut werden.<\/li>\n<li>Optional&nbsp;kann die Leuchte mit Klinkenstecker-Ausgang f\u00fcr ein Radio ausgestattet werden.<\/li>\n<\/ul>\n<p>In der Leuchte kann unterschiedliche Elektronik&nbsp;verbaut werden. Momentan wird eine 1-Watt &#8211; LED verwendet. Sie wird von einem NiMH-Zellenblock mit 16 Wh Kapazit\u00e4t versorgt. Ein Tiefentladeschutz ist eingebaut. Es gibt zwei Helligkeitsstufen, die eine Leuchtdauer von 4 bzw. 10 Stunden erm\u00f6glichen.<\/p>\n<p style=\"text-align: center;\"><em><a href=\"https:\/\/toolandvirtual.de\/index.php\/wave\/\">\u2190vorige<\/a> &nbsp; &nbsp; &nbsp; &nbsp; &nbsp; &nbsp; &nbsp; &nbsp; <a href=\"https:\/\/toolandvirtual.de\/index.php\/bundstift\/\">n\u00e4chste\u2192<\/a><\/em><\/p>\n","protected":false},"excerpt":{"rendered":"<p>cuboid&nbsp;&#8211; Geh\u00e4use f\u00fcr Solarleuchten Ziel der Entwicklung war eine robuste Alternative zu Petroleum- und Gaslaternen in Entwicklungsl\u00e4ndern.&nbsp;Von Beduinen erfuhr ich die notwendigen Eigenschaften: zur Raumbeleuchtung geeignet, robust, effizient und in unterschiedlichem&nbsp;Kontext verwendbar. Mit der Verf\u00fcgbarkeit hoch effizienter Leuchtdioden stand endlich eine Technik zur Verf\u00fcgung, die solche Leuchten erm\u00f6glicht. Weiteres Entwicklungsziel war die Produktion der Leuchte &hellip; <a href=\"https:\/\/toolandvirtual.de\/index.php\/cuboid\/\" class=\"more-link\"><span class=\"screen-reader-text\">cuboid<\/span> weiterlesen<\/a><\/p>\n","protected":false},"author":1,"featured_media":466,"parent":0,"menu_order":0,"comment_status":"closed","ping_status":"closed","template":"full-width-page.php","meta":{"ngg_post_thumbnail":0},"_links":{"self":[{"href":"https:\/\/toolandvirtual.de\/index.php\/wp-json\/wp\/v2\/pages\/72"}],"collection":[{"href":"https:\/\/toolandvirtual.de\/index.php\/wp-json\/wp\/v2\/pages"}],"about":[{"href":"https:\/\/toolandvirtual.de\/index.php\/wp-json\/wp\/v2\/types\/page"}],"author":[{"embeddable":true,"href":"https:\/\/toolandvirtual.de\/index.php\/wp-json\/wp\/v2\/users\/1"}],"replies":[{"embeddable":true,"href":"https:\/\/toolandvirtual.de\/index.php\/wp-json\/wp\/v2\/comments?post=72"}],"version-history":[{"count":31,"href":"https:\/\/toolandvirtual.de\/index.php\/wp-json\/wp\/v2\/pages\/72\/revisions"}],"predecessor-version":[{"id":522,"href":"https:\/\/toolandvirtual.de\/index.php\/wp-json\/wp\/v2\/pages\/72\/revisions\/522"}],"wp:featuredmedia":[{"embeddable":true,"href":"https:\/\/toolandvirtual.de\/index.php\/wp-json\/wp\/v2\/media\/466"}],"wp:attachment":[{"href":"https:\/\/toolandvirtual.de\/index.php\/wp-json\/wp\/v2\/media?parent=72"}],"curies":[{"name":"wp","href":"https:\/\/api.w.org\/{rel}","templated":true}]}}