{"id":69,"date":"2017-03-11T23:27:07","date_gmt":"2017-03-11T23:27:07","guid":{"rendered":"http:\/\/toolandvirtual.de\/?page_id=69"},"modified":"2024-01-14T17:34:43","modified_gmt":"2024-01-14T16:34:43","slug":"wave","status":"publish","type":"page","link":"https:\/\/toolandvirtual.de\/index.php\/wave\/","title":{"rendered":"wave"},"content":{"rendered":"<p><em>Seifenschale wave<\/em><\/p>\n<p>Beim Duschen \u00e4rgerte ich mich, dass in der Seifenschale immer Wasser stand. Eine Schale mit Ablaufloch begeisterte mich auch nicht, weil das schnell zukleisterte. Und der gr\u00e4ssliche Seifen-Igel war ohnehin au\u00dfen vor. Mir schwebte eine Seifenschale vor, bei der das Wasser sofort und sicher ablief. Die Schale sollte au\u00dferdem einfach zu reinigen sein. Bei gut ablaufendem Wasser dachte ich gleich an die Probleme von D\u00e4chern, die nach innen entw\u00e4ssert werden. Viel besser ist da die klassische Methode, das Wasser \u00fcber die Dachneigung gleich nach au\u00dfen weg zu leiten. Und dann hatte ich auch schon das Bild dieses Daches vor Augen: die <a href=\"https:\/\/toolandvirtual.de\/wp-content\/uploads\/2017\/05\/wave_escola_sagrada_familia.jpg\" target=\"_blank\" rel=\"noopener noreferrer\">Gemeindeschule von Antonio Gaudis Sagrada Familia<\/a> hatte mich schon fasziniert, als ich sie das erste Mal in natura gesehen habe.<\/p>\n<p>Obwohl man es nicht glauben mag: <a href=\"https:\/\/toolandvirtual.de\/wp-content\/uploads\/2017\/05\/wave_seife.jpg\" target=\"_blank\" rel=\"noopener noreferrer\">Die Seife wird von den Wellen so sicher gehalten<\/a> wie ein Baby von seinem Gitterbettchen. Eine kleingewaschen Seife&nbsp;wird dabei nicht nur von den Wellen gehalten, sondern haftet einfach an der Schale.<\/p>\n<p><em>Wave<\/em>&nbsp;kann mit Wandhalter verwendet werden (Magnetverbindung zwischen Halter und Schale) oder auf dem Wannen- oder Beckenrand stehen. In diesem Fall sind vier der unteren Wellen rutschhemmend ausgef\u00fchrt.<\/p>\n<p style=\"text-align: center;\"><em><a href=\"https:\/\/toolandvirtual.de\/index.php\/cuboid\/\">n\u00e4chste\u2192<\/a><\/em><\/p>\n","protected":false},"excerpt":{"rendered":"<p>Seifenschale wave Beim Duschen \u00e4rgerte ich mich, dass in der Seifenschale immer Wasser stand. Eine Schale mit Ablaufloch begeisterte mich auch nicht, weil das schnell zukleisterte. Und der gr\u00e4ssliche Seifen-Igel war ohnehin au\u00dfen vor. Mir schwebte eine Seifenschale vor, bei der das Wasser sofort und sicher ablief. Die Schale sollte au\u00dferdem einfach zu reinigen sein. &hellip; <a href=\"https:\/\/toolandvirtual.de\/index.php\/wave\/\" class=\"more-link\"><span class=\"screen-reader-text\">wave<\/span> weiterlesen<\/a><\/p>\n","protected":false},"author":1,"featured_media":351,"parent":0,"menu_order":0,"comment_status":"closed","ping_status":"closed","template":"full-width-page.php","meta":{"ngg_post_thumbnail":0},"_links":{"self":[{"href":"https:\/\/toolandvirtual.de\/index.php\/wp-json\/wp\/v2\/pages\/69"}],"collection":[{"href":"https:\/\/toolandvirtual.de\/index.php\/wp-json\/wp\/v2\/pages"}],"about":[{"href":"https:\/\/toolandvirtual.de\/index.php\/wp-json\/wp\/v2\/types\/page"}],"author":[{"embeddable":true,"href":"https:\/\/toolandvirtual.de\/index.php\/wp-json\/wp\/v2\/users\/1"}],"replies":[{"embeddable":true,"href":"https:\/\/toolandvirtual.de\/index.php\/wp-json\/wp\/v2\/comments?post=69"}],"version-history":[{"count":23,"href":"https:\/\/toolandvirtual.de\/index.php\/wp-json\/wp\/v2\/pages\/69\/revisions"}],"predecessor-version":[{"id":528,"href":"https:\/\/toolandvirtual.de\/index.php\/wp-json\/wp\/v2\/pages\/69\/revisions\/528"}],"wp:featuredmedia":[{"embeddable":true,"href":"https:\/\/toolandvirtual.de\/index.php\/wp-json\/wp\/v2\/media\/351"}],"wp:attachment":[{"href":"https:\/\/toolandvirtual.de\/index.php\/wp-json\/wp\/v2\/media?parent=69"}],"curies":[{"name":"wp","href":"https:\/\/api.w.org\/{rel}","templated":true}]}}