{"id":32,"date":"2017-03-11T21:55:16","date_gmt":"2017-03-11T21:55:16","guid":{"rendered":"http:\/\/toolandvirtual.de\/?page_id=32"},"modified":"2024-01-14T17:27:05","modified_gmt":"2024-01-14T16:27:05","slug":"arbeiten","status":"publish","type":"page","link":"https:\/\/toolandvirtual.de\/index.php\/arbeiten\/","title":{"rendered":"Arbeiten"},"content":{"rendered":"<p>Die kleine Auswahl&nbsp;an Beispielen soll einen Einblick in meine Arbeitsweise geben. Ich habe&nbsp;kein corporate design, das \u00c4u\u00dfere des Produktes ist getrieben von der Funktion und vom Kontext, in dem es genutzt wird. Deshalb reichen die Entw\u00fcrfe von reinen Aggregationen schon&nbsp;am Markt befindlicher Serienkomponenten (<a href=\"https:\/\/toolandvirtual.de\/index.php\/cuboid\/\" target=\"_blank\" rel=\"noopener noreferrer\"><em>cuboid<\/em><\/a>) \u00fcber computerkonstruierte Minimalfl\u00e4chen (<a href=\"https:\/\/toolandvirtual.de\/index.php\/wave\/\" target=\"_blank\" rel=\"noopener noreferrer\"><em>wave<\/em><\/a>) bis hin zu neu gestalteten user interfaces f\u00fcr Softwareprodukte (<a href=\"https:\/\/toolandvirtual.de\/index.php\/schatten\/\" target=\"_blank\" rel=\"noopener noreferrer\"><em>schatten<\/em><\/a>).<\/p>\n<p style=\"text-align: center;\"><a href=\"https:\/\/toolandvirtual.de\/index.php\/wave\/\"><em>zu den Arbeiten\u2192<\/em><\/a><\/p>\n","protected":false},"excerpt":{"rendered":"<p>Die kleine Auswahl&nbsp;an Beispielen soll einen Einblick in meine Arbeitsweise geben. Ich habe&nbsp;kein corporate design, das \u00c4u\u00dfere des Produktes ist getrieben von der Funktion und vom Kontext, in dem es genutzt wird. Deshalb reichen die Entw\u00fcrfe von reinen Aggregationen schon&nbsp;am Markt befindlicher Serienkomponenten (cuboid) \u00fcber computerkonstruierte Minimalfl\u00e4chen (wave) bis hin zu neu gestalteten user interfaces &hellip; <a href=\"https:\/\/toolandvirtual.de\/index.php\/arbeiten\/\" class=\"more-link\"><span class=\"screen-reader-text\">Arbeiten<\/span> weiterlesen<\/a><\/p>\n","protected":false},"author":1,"featured_media":0,"parent":0,"menu_order":0,"comment_status":"closed","ping_status":"closed","template":"full-width-page.php","meta":{"ngg_post_thumbnail":0},"_links":{"self":[{"href":"https:\/\/toolandvirtual.de\/index.php\/wp-json\/wp\/v2\/pages\/32"}],"collection":[{"href":"https:\/\/toolandvirtual.de\/index.php\/wp-json\/wp\/v2\/pages"}],"about":[{"href":"https:\/\/toolandvirtual.de\/index.php\/wp-json\/wp\/v2\/types\/page"}],"author":[{"embeddable":true,"href":"https:\/\/toolandvirtual.de\/index.php\/wp-json\/wp\/v2\/users\/1"}],"replies":[{"embeddable":true,"href":"https:\/\/toolandvirtual.de\/index.php\/wp-json\/wp\/v2\/comments?post=32"}],"version-history":[{"count":27,"href":"https:\/\/toolandvirtual.de\/index.php\/wp-json\/wp\/v2\/pages\/32\/revisions"}],"predecessor-version":[{"id":520,"href":"https:\/\/toolandvirtual.de\/index.php\/wp-json\/wp\/v2\/pages\/32\/revisions\/520"}],"wp:attachment":[{"href":"https:\/\/toolandvirtual.de\/index.php\/wp-json\/wp\/v2\/media?parent=32"}],"curies":[{"name":"wp","href":"https:\/\/api.w.org\/{rel}","templated":true}]}}