{"id":247,"date":"2017-04-01T22:57:08","date_gmt":"2017-04-01T22:57:08","guid":{"rendered":"http:\/\/toolandvirtual.de\/?page_id=247"},"modified":"2024-01-14T17:28:03","modified_gmt":"2024-01-14T16:28:03","slug":"bundstift","status":"publish","type":"page","link":"https:\/\/toolandvirtual.de\/index.php\/bundstift\/","title":{"rendered":"bundStift"},"content":{"rendered":"<p>Der <em>bundStift<\/em>&nbsp;ist eines dieser aus dem Mangel geborenen Produkte.&nbsp;Ich wollte etwas schnell notieren. Ein Fetzen Papier war noch aufzutreiben, aber am fehlenden Stift scheiterte das Vorhaben. Da das \u00f6fters vorkam, machte ich mir Gedanken, wie dieses Problem ein f\u00fcr alle Mal gel\u00f6st werden kann.<\/p>\n<p>Der&nbsp;Stift<span class=\"apple-converted-space\">&nbsp;sollte immer&nbsp;<\/span>automatisch<span class=\"apple-converted-space\">&nbsp;<\/span>zur Hand sein, also ohne vorher daran denken zu m\u00fcssen, ihn einzustecken. Was hatte ich denn immer bei mir? Den Schl\u00fcsselbund! Damit war die Idee geboren, den Stift an den Schl\u00fcsselbund zu h\u00e4ngen.<\/p>\n<p>Ich suchte auf dem Markt, die L\u00f6sungen \u00fcberzeugten mich nicht, im Besonderen die mit Kugelschreiber: zu gro\u00df die Angst, dass der&nbsp;einmal in der Tasche auslaufen k\u00f6nnte. Dann lief mir dieser Bleistiftverl\u00e4ngerer \u00fcber den Weg&nbsp;und wurde zur Grundlage der Entwicklung. Die ersten Modelle funktionierten allerdings nicht, weil immer wieder die Mine des Stiftes brach, wenn er, die Spitze voran, in seinem Futteral parkte. Hier kam mir dann meine Ingenieurnatur zu Gute und ich lagerte die Spitze frei schwebend, indem ich den Holzkern des <em>bundStift<\/em>&nbsp;mit einer L\u00e4ngsbohrung versah, die im Durchmesser gr\u00f6\u00dfer ist als der Minendurchmesser. Damit war das Produkt funktionsm\u00e4\u00dfig fertig, denn es kam zu keinem Minenbruch mehr. Ich war erst einmal zufrieden.<\/p>\n<p>Die folgende Zeit war ich dann immer wieder&nbsp;\u00fcberrascht, wie h\u00e4ufig ich dieses Werkzeug benutzte. Und nicht nur ich, sondern viele Freunde, denen bei der Frage nach einem Stift sofort ausgeholfen werden konnte. Der <em>bundStift<\/em>&nbsp;war Garage f\u00fcr viele Stummel, denn \u00f6fters mal half ich mit dem Stift aus und erhielt ihn nie wieder zur\u00fcck. Aber wie gut, dass diese Reste von Bleistiften \u00fcberall herumliegen&#8230; Not hatte ich jedenfalls nie, einen neuen alten Stummel zu finden.<\/p>\n<p>Seitdem dachte ich immer wieder und immer h\u00e4ufiger: dieses Produkt muss unter die Leute! Weil es so praktisch ist &#8211; und weil es nicht st\u00f6rt.<\/p>\n<p>Also beschloss ich, dem Produkt ein ansprechendes \u00c4u\u00dferes&nbsp;zu verpassen. Je mehr ich mich mit dem Entwurf besch\u00e4ftigte, desto mehr gefiel mir diese H\u00fclse &#8211; desto perfekter und zeitlos sch\u00f6n kam sie mir vor. Das schlug sich dann&nbsp;im Design&nbsp;des <em>bundStift<\/em>&nbsp;nieder, das&nbsp;immer reduzierter wurde und am Ende nur noch aus zwei Einpressungen als einziger Ver\u00e4nderung der H\u00fclse bestand. Diese halten&nbsp;den Ring. Einpressungen und Ring nehmen die Formsprache der H\u00fclse auf. Mit diesen minimalen Ver\u00e4nderungen&nbsp;ist der Stummelanh\u00e4nger fast ein <a href=\"https:\/\/de.wikipedia.org\/wiki\/Objet_trouv\u00e9\" target=\"_blank\" rel=\"noopener noreferrer\">Ready-made<\/a>. Einziges spielerisches Element ist der Abschluss der H\u00fclse. Von der schlichten Fortsetzung des Holzkernes bis zum <a href=\"https:\/\/toolandvirtual.de\/wp-content\/uploads\/2017\/05\/stummel_swarovski.jpg\" target=\"_blank\" rel=\"noopener noreferrer\">Brillanten<\/a>&nbsp;ist alles denkbar: Glaskugel, Gemme, Granit, Halbedelstein&#8230;<\/p>\n<p style=\"text-align: center;\"><em><a href=\"https:\/\/toolandvirtual.de\/index.php\/cuboid\/\">\u2190vorige<\/a>&nbsp;&nbsp; &nbsp; &nbsp; &nbsp; &nbsp; &nbsp; &nbsp; &nbsp;&nbsp;<a href=\"https:\/\/toolandvirtual.de\/index.php\/schatten\/\">n\u00e4chste\u2192<\/a><\/em><\/p>\n","protected":false},"excerpt":{"rendered":"<p>Der bundStift&nbsp;ist eines dieser aus dem Mangel geborenen Produkte.&nbsp;Ich wollte etwas schnell notieren. Ein Fetzen Papier war noch aufzutreiben, aber am fehlenden Stift scheiterte das Vorhaben. Da das \u00f6fters vorkam, machte ich mir Gedanken, wie dieses Problem ein f\u00fcr alle Mal gel\u00f6st werden kann. Der&nbsp;Stift&nbsp;sollte immer&nbsp;automatisch&nbsp;zur Hand sein, also ohne vorher daran denken zu m\u00fcssen, &hellip; <a href=\"https:\/\/toolandvirtual.de\/index.php\/bundstift\/\" class=\"more-link\"><span class=\"screen-reader-text\">bundStift<\/span> weiterlesen<\/a><\/p>\n","protected":false},"author":1,"featured_media":497,"parent":0,"menu_order":0,"comment_status":"closed","ping_status":"closed","template":"full-width-page.php","meta":{"ngg_post_thumbnail":0},"_links":{"self":[{"href":"https:\/\/toolandvirtual.de\/index.php\/wp-json\/wp\/v2\/pages\/247"}],"collection":[{"href":"https:\/\/toolandvirtual.de\/index.php\/wp-json\/wp\/v2\/pages"}],"about":[{"href":"https:\/\/toolandvirtual.de\/index.php\/wp-json\/wp\/v2\/types\/page"}],"author":[{"embeddable":true,"href":"https:\/\/toolandvirtual.de\/index.php\/wp-json\/wp\/v2\/users\/1"}],"replies":[{"embeddable":true,"href":"https:\/\/toolandvirtual.de\/index.php\/wp-json\/wp\/v2\/comments?post=247"}],"version-history":[{"count":25,"href":"https:\/\/toolandvirtual.de\/index.php\/wp-json\/wp\/v2\/pages\/247\/revisions"}],"predecessor-version":[{"id":521,"href":"https:\/\/toolandvirtual.de\/index.php\/wp-json\/wp\/v2\/pages\/247\/revisions\/521"}],"wp:featuredmedia":[{"embeddable":true,"href":"https:\/\/toolandvirtual.de\/index.php\/wp-json\/wp\/v2\/media\/497"}],"wp:attachment":[{"href":"https:\/\/toolandvirtual.de\/index.php\/wp-json\/wp\/v2\/media?parent=247"}],"curies":[{"name":"wp","href":"https:\/\/api.w.org\/{rel}","templated":true}]}}