{"id":102,"date":"2017-03-12T01:24:54","date_gmt":"2017-03-12T01:24:54","guid":{"rendered":"http:\/\/toolandvirtual.de\/?page_id=102"},"modified":"2017-12-17T18:37:58","modified_gmt":"2017-12-17T17:37:58","slug":"impressum","status":"publish","type":"page","link":"https:\/\/toolandvirtual.de\/index.php\/impressum\/","title":{"rendered":"Impressum"},"content":{"rendered":"<p>TOOL &amp;&nbsp;VIRTUAL<br \/>\nBernhard H\u00f6fner<br \/>\nChattenweg 29<br \/>\n65929 Frankfurt<br \/>\nTel: &nbsp;069-3006099-7<br \/>\nFax: 069-3006099-8<br \/>\n<a href=\"mailto:bernhard.hoefner@ToolAndVirtual.de\">bernhard.hoefner@ToolAndVirtual.de<\/a><\/p>\n<p>bis 2016: TOOL &amp; SCREEN<\/p>\n<p>Inhaltlich verantwortlich gem\u00e4\u00df RStV \/ TMG: Bernhard H\u00f6fner&nbsp;(siehe oben).<\/p>\n<p>Haftungshinweise:<\/p>\n<p>Ich \u00fcbernehme keine Haftung f\u00fcr die Inhalte externer Links. F\u00fcr die Inhalte der verlinkten Seiten sind ausschlie\u00dflich die Betreiber verantwortlich.<\/p>\n","protected":false},"excerpt":{"rendered":"<p>TOOL &amp;&nbsp;VIRTUAL Bernhard H\u00f6fner Chattenweg 29 65929 Frankfurt Tel: &nbsp;069-3006099-7 Fax: 069-3006099-8 bernhard.hoefner@ToolAndVirtual.de bis 2016: TOOL &amp; SCREEN Inhaltlich verantwortlich gem\u00e4\u00df RStV \/ TMG: Bernhard H\u00f6fner&nbsp;(siehe oben). Haftungshinweise: Ich \u00fcbernehme keine Haftung f\u00fcr die Inhalte externer Links. F\u00fcr die Inhalte der verlinkten Seiten sind ausschlie\u00dflich die Betreiber verantwortlich.<\/p>\n","protected":false},"author":1,"featured_media":0,"parent":0,"menu_order":0,"comment_status":"closed","ping_status":"closed","template":"full-width-page.php","meta":{"ngg_post_thumbnail":0},"_links":{"self":[{"href":"https:\/\/toolandvirtual.de\/index.php\/wp-json\/wp\/v2\/pages\/102"}],"collection":[{"href":"https:\/\/toolandvirtual.de\/index.php\/wp-json\/wp\/v2\/pages"}],"about":[{"href":"https:\/\/toolandvirtual.de\/index.php\/wp-json\/wp\/v2\/types\/page"}],"author":[{"embeddable":true,"href":"https:\/\/toolandvirtual.de\/index.php\/wp-json\/wp\/v2\/users\/1"}],"replies":[{"embeddable":true,"href":"https:\/\/toolandvirtual.de\/index.php\/wp-json\/wp\/v2\/comments?post=102"}],"version-history":[{"count":17,"href":"https:\/\/toolandvirtual.de\/index.php\/wp-json\/wp\/v2\/pages\/102\/revisions"}],"predecessor-version":[{"id":221,"href":"https:\/\/toolandvirtual.de\/index.php\/wp-json\/wp\/v2\/pages\/102\/revisions\/221"}],"wp:attachment":[{"href":"https:\/\/toolandvirtual.de\/index.php\/wp-json\/wp\/v2\/media?parent=102"}],"curies":[{"name":"wp","href":"https:\/\/api.w.org\/{rel}","templated":true}]}}